{"id":207,"date":"2021-03-15T13:43:11","date_gmt":"2021-03-15T12:43:11","guid":{"rendered":"http:\/\/celebrations.34700.fr\/?page_id=207"},"modified":"2022-03-28T12:07:13","modified_gmt":"2022-03-28T10:07:13","slug":"bapteme","status":"publish","type":"page","link":"https:\/\/celebrations.34700.fr\/index.php\/bapteme\/","title":{"rendered":"Bapt\u00e8me"},"content":{"rendered":"\n<h4 class=\"has-text-align-center\">Entr\u00e9e<\/h4>\n\n\n\n<ul><li><em>Instrumental ou chant\/enregistrement profane \u00e0 d\u00e9finir en accord avec le c\u00e9l\u00e9brant<\/em><\/li><li><a href=\"http:\/\/celebrations.34700.fr\/index.php\/2021\/07\/21\/o-pere-je-suis-ton-enfant\/\" data-type=\"URL\" data-id=\"http:\/\/celebrations.34700.fr\/index.php\/2021\/07\/21\/o-pere-je-suis-ton-enfant\/\">\u00d4 P\u00e8re, je suis ton enfant<\/a><\/li><li><a href=\"http:\/\/celebrations.34700.fr\/index.php\/2021\/07\/21\/au-nom-de-jesus-christ\/\" data-type=\"URL\" data-id=\"http:\/\/celebrations.34700.fr\/index.php\/2021\/07\/21\/au-nom-de-jesus-christ\/\">Au nom de J\u00e9sus Christ<\/a><\/li><li><a href=\"http:\/\/celebrations.34700.fr\/index.php\/2021\/07\/21\/ne-crains-pas\/\" data-type=\"URL\" data-id=\"http:\/\/celebrations.34700.fr\/index.php\/2021\/07\/21\/ne-crains-pas\/\">Ne crains pas<\/a><\/li><li><a href=\"http:\/\/celebrations.34700.fr\/index.php\/2021\/07\/21\/ecoute-ton-dieu-tappelle\/\" data-type=\"URL\" data-id=\"http:\/\/celebrations.34700.fr\/index.php\/2021\/07\/21\/ecoute-ton-dieu-tappelle\/\">Ecoute ton Dieu t&rsquo;appelle<\/a><\/li><li><a href=\"http:\/\/celebrations.34700.fr\/index.php\/2021\/07\/21\/dieu-nous-accueille-en-sa-maison\/\" data-type=\"URL\" data-id=\"http:\/\/celebrations.34700.fr\/index.php\/2021\/07\/21\/dieu-nous-accueille-en-sa-maison\/\">Dieu nous accueille en sa maison<\/a><\/li><\/ul>\n\n\n\n<h4 class=\"has-text-align-center\">Psaume<\/h4>\n\n\n\n<ul><li><a href=\"http:\/\/celebrations.34700.fr\/index.php\/2021\/03\/16\/le-seigneur-est-ma-lumiere-et-mon-salut-psaume-026\/\">Le Seigneur est ma lumi\u00e8re et mon salut (Psaume 026)<\/a><\/li><li><a href=\"http:\/\/celebrations.34700.fr\/index.php\/2021\/03\/16\/laudate-dominum-psaumes-1164665150\/\">Laudate Dominum (Psaumes 116,46,65,150)<\/a><\/li><li><a href=\"http:\/\/celebrations.34700.fr\/index.php\/2021\/03\/16\/psaume-de-la-creation\/\">Psaume de la Cr\u00e9ation<\/a><\/li><li><a href=\"http:\/\/celebrations.34700.fr\/index.php\/2021\/03\/16\/benis-le-seigneur-o-mon-ame-psaume-103-102\/\">B\u00e9nis le Seigneur, \u00f4 mon \u00e2me (Psaume 103-102)<\/a><\/li><li><a href=\"http:\/\/celebrations.34700.fr\/index.php\/2021\/07\/21\/le-seigneur-est-mon-berger-psaume-22\/\" data-type=\"URL\" data-id=\"http:\/\/celebrations.34700.fr\/index.php\/2021\/07\/21\/le-seigneur-est-mon-berger-psaume-22\/\">Le Seigneur est mon berger (Psaume 22)<\/a><\/li><\/ul>\n\n\n\n<h4 class=\"has-text-align-center\">Acclamation de l\u2019\u00c9vangile<\/h4>\n\n\n\n<ul><li><a href=\"http:\/\/celebrations.34700.fr\/index.php\/2021\/03\/16\/alleluia-de-schutz\/\">All\u00e9luia de Sch\u00fctz<\/a><\/li><li><a href=\"http:\/\/celebrations.34700.fr\/index.php\/2021\/03\/16\/alleluia-de-taize\/\">All\u00e9luia de Taiz\u00e9<\/a><\/li><li><a href=\"http:\/\/celebrations.34700.fr\/index.php\/2021\/03\/16\/alleluia-irlandais\/\">All\u00e9luia irlandais<\/a><\/li><\/ul>\n\n\n\n<h4 class=\"has-text-align-center\">B\u00e9n\u00e9diction de l\u2019eau<\/h4>\n\n\n\n<ul><li><a href=\"http:\/\/celebrations.34700.fr\/index.php\/2021\/07\/21\/sauves-des-memes-eaux\/\" data-type=\"URL\" data-id=\"http:\/\/celebrations.34700.fr\/index.php\/2021\/07\/21\/sauves-des-memes-eaux\/\">Sauv\u00e9s des m\u00eames eaux<\/a><\/li><li><a href=\"http:\/\/celebrations.34700.fr\/index.php\/2021\/07\/21\/jai-vu-des-fleuves-deau-vive\/\" data-type=\"URL\" data-id=\"http:\/\/celebrations.34700.fr\/index.php\/2021\/07\/21\/jai-vu-des-fleuves-deau-vive\/\">J&rsquo;ai vu des fleuves d&rsquo;eau vive<\/a><\/li><li><a href=\"http:\/\/celebrations.34700.fr\/index.php\/2021\/07\/21\/viens-esprit-saint-descends-sur-nous\/\" data-type=\"URL\" data-id=\"http:\/\/celebrations.34700.fr\/index.php\/2021\/07\/21\/viens-esprit-saint-descends-sur-nous\/\">Viens, Esprit Saint descends sur nous<\/a><\/li><\/ul>\n\n\n\n<h4 class=\"has-text-align-center\">Acclamation apr\u00e8s le bapt\u00eame<\/h4>\n\n\n\n<ul><li><a href=\"http:\/\/celebrations.34700.fr\/index.php\/2021\/07\/21\/magnifique-est-le-seigneur\/\" data-type=\"URL\" data-id=\"http:\/\/celebrations.34700.fr\/index.php\/2021\/07\/21\/magnifique-est-le-seigneur\/\">Magnifique est le Seigneur<\/a><\/li><li><a href=\"http:\/\/celebrations.34700.fr\/index.php\/2021\/07\/21\/tu-es-devenu-enfant-de-dieu\/\" data-type=\"URL\" data-id=\"http:\/\/celebrations.34700.fr\/index.php\/2021\/07\/21\/tu-es-devenu-enfant-de-dieu\/\">Tu es devenu enfant de Dieu<\/a><\/li><li><a href=\"http:\/\/celebrations.34700.fr\/index.php\/2021\/07\/21\/source-nouvelle\/\" data-type=\"URL\" data-id=\"http:\/\/celebrations.34700.fr\/index.php\/2021\/07\/21\/source-nouvelle\/\">Source nouvelle<\/a><\/li><\/ul>\n\n\n\n<h4 class=\"has-text-align-center\">Pri\u00e8re universelle<\/h4>\n\n\n\n<ul><li><a href=\"http:\/\/celebrations.34700.fr\/index.php\/2021\/03\/16\/jesus-toi-qui-as-promis\/\">J\u00e9sus, toi qui as promis<\/a><\/li><li><a href=\"http:\/\/celebrations.34700.fr\/index.php\/2021\/03\/16\/fais-de-nous-seigneur-les-temoins-de-ton-amour\/\">Fais de nous Seigneur les t\u00e9moins de ton amour<\/a><\/li><li><a href=\"http:\/\/celebrations.34700.fr\/index.php\/2021\/03\/16\/pour-les-hommes-et-pour-les-femmes\/\">Pour les hommes et pour les femmes<\/a><\/li><li><a href=\"http:\/\/celebrations.34700.fr\/index.php\/2021\/03\/16\/seigneur-jesus-sauveur-du-monde-entends-nous\/\">Seigneur J\u00e9sus, sauveur du monde, entends-nous!<\/a><\/li><li><a href=\"http:\/\/celebrations.34700.fr\/index.php\/2021\/03\/16\/entends-nos-prieres\/\">Entends nos pri\u00e8res<\/a><\/li><li><a href=\"http:\/\/celebrations.34700.fr\/index.php\/2021\/03\/16\/accueille-au-creux-de-tes-mains\/\">Accueille au creux de tes mains<\/a><\/li><\/ul>\n\n\n\n<h4 class=\"has-text-align-center\">Notre P\u00e8re (r\u00e9cit\u00e9 ou chant\u00e9)<\/h4>\n\n\n\n<ul><li><a href=\"http:\/\/celebrations.34700.fr\/index.php\/2021\/03\/17\/notre-pere-glorious\/\">Notre P\u00e8re (Glorious)<\/a><\/li><\/ul>\n\n\n\n<h4 class=\"has-text-align-center\">Chant \u00e0 Marie<\/h4>\n\n\n\n<ul id=\"block-4bde6bc2-04f2-47c1-8813-d793b447eb71\"><li><a href=\"http:\/\/celebrations.34700.fr\/index.php\/2021\/03\/16\/la-premiere-en-chemin\/\">La premi\u00e8re en chemin<\/a><\/li><li><a href=\"http:\/\/celebrations.34700.fr\/index.php\/2021\/03\/16\/regarde-letoile\/\">Regarde l&rsquo;\u00e9toile<\/a><\/li><li><a href=\"http:\/\/celebrations.34700.fr\/index.php\/2021\/03\/16\/ave-maria-schubert\/\">Ave Maria (Schubert)<\/a><\/li><li><a href=\"http:\/\/celebrations.34700.fr\/index.php\/2021\/03\/16\/chercher-avec-toi-marie\/\">Chercher avec toi Marie<\/a><\/li><li><a href=\"http:\/\/celebrations.34700.fr\/index.php\/2021\/03\/16\/couronnee-detoiles\/\">Couronn\u00e9e d&rsquo;\u00e9toiles<\/a><\/li><li><a href=\"http:\/\/celebrations.34700.fr\/index.php\/2021\/03\/16\/je-vous-salue-marie-angelus\/\">Je vous salue Marie (Ang\u00e9lus)<\/a><\/li><\/ul>\n\n\n\n<h4 class=\"has-text-align-center\">Envoi &#8211; Signature des registres<\/h4>\n\n\n\n<ul><li><em><em>Instrumental ou chant\/enregistrement profane \u00e0 d\u00e9finir en accord avec le c\u00e9l\u00e9brant<\/em><\/em><\/li><li><a href=\"http:\/\/celebrations.34700.fr\/index.php\/2021\/07\/21\/que-chante-pour-toi\/\" data-type=\"URL\" data-id=\"http:\/\/celebrations.34700.fr\/index.php\/2021\/07\/21\/que-chante-pour-toi\/\">Que chante pour toi<\/a><\/li><li><a href=\"http:\/\/celebrations.34700.fr\/index.php\/2021\/03\/16\/que-vive-mon-ame-a-te-louer\/\">Que vive mon \u00e2me \u00e0 te louer<\/a><\/li><li><a href=\"http:\/\/celebrations.34700.fr\/index.php\/2021\/03\/16\/rendons-gloire-a-notre-dieu\/\">Rendons gloire \u00e0 notre Dieu<\/a><\/li><li><a href=\"http:\/\/celebrations.34700.fr\/index.php\/2021\/03\/16\/mon-ancre-et-ma-voile\/\">Mon ancre et ma voile<\/a><\/li><\/ul>\n\n\n\n<p><br><\/p>\n\n\n\n<p><\/p>\n","protected":false},"excerpt":{"rendered":"<p>Entr\u00e9e Instrumental ou chant\/enregistrement profane \u00e0 d\u00e9finir en accord avec le c\u00e9l\u00e9brant \u00d4 P\u00e8re, je suis ton enfant Au nom de J\u00e9sus Christ Ne crains pas Ecoute ton Dieu t&rsquo;appelle Dieu nous accueille en sa maison Psaume Le Seigneur est ma lumi\u00e8re et mon salut (Psaume 026) Laudate Dominum (Psaumes 116,46,65,150) Psaume de la Cr\u00e9ation [&hellip;]<\/p>\n","protected":false},"author":1,"featured_media":10,"parent":0,"menu_order":0,"comment_status":"closed","ping_status":"closed","template":"","meta":[],"_links":{"self":[{"href":"https:\/\/celebrations.34700.fr\/index.php\/wp-json\/wp\/v2\/pages\/207"}],"collection":[{"href":"https:\/\/celebrations.34700.fr\/index.php\/wp-json\/wp\/v2\/pages"}],"about":[{"href":"https:\/\/celebrations.34700.fr\/index.php\/wp-json\/wp\/v2\/types\/page"}],"author":[{"embeddable":true,"href":"https:\/\/celebrations.34700.fr\/index.php\/wp-json\/wp\/v2\/users\/1"}],"replies":[{"embeddable":true,"href":"https:\/\/celebrations.34700.fr\/index.php\/wp-json\/wp\/v2\/comments?post=207"}],"version-history":[{"count":10,"href":"https:\/\/celebrations.34700.fr\/index.php\/wp-json\/wp\/v2\/pages\/207\/revisions"}],"predecessor-version":[{"id":673,"href":"https:\/\/celebrations.34700.fr\/index.php\/wp-json\/wp\/v2\/pages\/207\/revisions\/673"}],"wp:featuredmedia":[{"embeddable":true,"href":"https:\/\/celebrations.34700.fr\/index.php\/wp-json\/wp\/v2\/media\/10"}],"wp:attachment":[{"href":"https:\/\/celebrations.34700.fr\/index.php\/wp-json\/wp\/v2\/media?parent=207"}],"curies":[{"name":"wp","href":"https:\/\/api.w.org\/{rel}","templated":true}]}}