{"id":259,"date":"2021-03-15T13:45:40","date_gmt":"2021-03-15T12:45:40","guid":{"rendered":"http:\/\/celebrations.34700.fr\/?page_id=259"},"modified":"2021-07-21T12:37:32","modified_gmt":"2021-07-21T10:37:32","slug":"mariage","status":"publish","type":"page","link":"https:\/\/celebrations.34700.fr\/index.php\/mariage\/","title":{"rendered":"Mariage"},"content":{"rendered":"\n<h4 class=\"has-text-align-center\">Entr\u00e9e<\/h4>\n\n\n\n<ul><li><em>Instrumental ou chant\/enregistrement profane \u00e0 d\u00e9finir en accord avec le c\u00e9l\u00e9brant<\/em><\/li><li><a href=\"http:\/\/celebrations.34700.fr\/index.php\/2021\/03\/16\/chantez-priez-celebrez-le-seigneur\/\" data-type=\"URL\" data-id=\"http:\/\/celebrations.34700.fr\/index.php\/2021\/03\/16\/chantez-priez-celebrez-le-seigneur\/\">Chantez, priez, c\u00e9l\u00e9brez le Seigneur<\/a><\/li><li><a href=\"http:\/\/celebrations.34700.fr\/index.php\/2021\/03\/15\/debout-resplendis\/\" data-type=\"URL\" data-id=\"http:\/\/celebrations.34700.fr\/index.php\/2021\/03\/15\/debout-resplendis\/\">Debout, resplendis<\/a><\/li><\/ul>\n\n\n\n<h4 class=\"has-text-align-center\">Psaume<\/h4>\n\n\n\n<ul><li><a href=\"http:\/\/celebrations.34700.fr\/index.php\/2021\/03\/16\/le-seigneur-est-ma-lumiere-et-mon-salut-psaume-026\/\" data-type=\"URL\" data-id=\"http:\/\/celebrations.34700.fr\/index.php\/2021\/03\/16\/le-seigneur-est-ma-lumiere-et-mon-salut-psaume-026\/\">Le Seigneur est ma lumi\u00e8re et mon salut (Psaume 026)<\/a><\/li><li><a href=\"http:\/\/celebrations.34700.fr\/index.php\/2021\/03\/16\/laudate-dominum-psaumes-1164665150\/\" data-type=\"URL\" data-id=\"http:\/\/celebrations.34700.fr\/index.php\/2021\/03\/16\/laudate-dominum-psaumes-1164665150\/\">Laudate Dominum (Psaumes 116,46,65,150)<\/a><\/li><li><a href=\"http:\/\/celebrations.34700.fr\/index.php\/2021\/03\/16\/psaume-de-la-creation\/\" data-type=\"URL\" data-id=\"http:\/\/celebrations.34700.fr\/index.php\/2021\/03\/16\/psaume-de-la-creation\/\">Psaume de la Cr\u00e9ation<\/a><\/li><li><a href=\"http:\/\/celebrations.34700.fr\/index.php\/2021\/03\/16\/benis-le-seigneur-o-mon-ame-psaume-103-102\/\" data-type=\"URL\" data-id=\"http:\/\/celebrations.34700.fr\/index.php\/2021\/03\/16\/benis-le-seigneur-o-mon-ame-psaume-103-102\/\">B\u00e9nis le Seigneur, \u00f4 mon \u00e2me (Psaume 103-102)<\/a><\/li><li><a href=\"http:\/\/celebrations.34700.fr\/index.php\/2021\/03\/16\/psaume-pour-un-mariage-psaume-148\/\" data-type=\"URL\" data-id=\"http:\/\/celebrations.34700.fr\/index.php\/2021\/03\/16\/psaume-pour-un-mariage-psaume-148\/\">\u00ab\u00a0Psaume pour un Mariage\u00a0\u00bb (Psaume 148)<\/a><\/li><li><a href=\"http:\/\/celebrations.34700.fr\/index.php\/2021\/07\/21\/le-seigneur-est-mon-berger-psaume-22\/\">Le Seigneur est mon berger (Psaume 22)<\/a><\/li><\/ul>\n\n\n\n<h4 class=\"has-text-align-center\">Acclamation de l\u2019\u00c9vangile<\/h4>\n\n\n\n<ul><li><a href=\"http:\/\/celebrations.34700.fr\/index.php\/2021\/03\/16\/alleluia-de-schutz\/\" data-type=\"URL\" data-id=\"http:\/\/celebrations.34700.fr\/index.php\/2021\/03\/16\/alleluia-de-schutz\/\">All\u00e9luia de Sch\u00fctz<\/a><\/li><li><a href=\"http:\/\/celebrations.34700.fr\/index.php\/2021\/03\/16\/alleluia-de-taize\/\" data-type=\"URL\" data-id=\"http:\/\/celebrations.34700.fr\/index.php\/2021\/03\/16\/alleluia-de-taize\/\">All\u00e9luia de Taiz\u00e9<\/a><\/li><li><a href=\"http:\/\/celebrations.34700.fr\/index.php\/2021\/03\/16\/alleluia-irlandais\/\" data-type=\"URL\" data-id=\"http:\/\/celebrations.34700.fr\/index.php\/2021\/03\/16\/alleluia-irlandais\/\">All\u00e9luia irlandais<\/a><\/li><li><a href=\"http:\/\/celebrations.34700.fr\/index.php\/2021\/03\/16\/alleluia-messe-de-la-grace\/\" data-type=\"URL\" data-id=\"http:\/\/celebrations.34700.fr\/index.php\/2021\/03\/16\/alleluia-messe-de-la-grace\/\">All\u00e9luia &#8211; Messe de la Gr\u00e2ce<\/a><\/li><\/ul>\n\n\n\n<h4 class=\"has-text-align-center\">Chant d&rsquo;action de gr\u00e2ce apr\u00e8s l&rsquo;\u00e9change des consentements<\/h4>\n\n\n\n<ul><li><a href=\"http:\/\/celebrations.34700.fr\/index.php\/2021\/03\/16\/mon-ancre-et-ma-voile\/\" data-type=\"URL\" data-id=\"http:\/\/celebrations.34700.fr\/index.php\/2021\/03\/16\/mon-ancre-et-ma-voile\/\">Mon ancre et ma voile<\/a><\/li><li><a href=\"http:\/\/celebrations.34700.fr\/index.php\/2021\/03\/16\/je-veux-te-louer\/\" data-type=\"URL\" data-id=\"http:\/\/celebrations.34700.fr\/index.php\/2021\/03\/16\/je-veux-te-louer\/\">Je veux te louer<\/a><\/li><li><a href=\"http:\/\/celebrations.34700.fr\/index.php\/2021\/03\/16\/rendons-gloire-a-notre-dieu\/\" data-type=\"URL\" data-id=\"http:\/\/celebrations.34700.fr\/index.php\/2021\/03\/16\/rendons-gloire-a-notre-dieu\/\">Rendons gloire \u00e0 notre Dieu<\/a><\/li><li><a href=\"http:\/\/celebrations.34700.fr\/index.php\/2021\/03\/16\/en-jesus-seul\/\" data-type=\"URL\" data-id=\"http:\/\/celebrations.34700.fr\/index.php\/2021\/03\/16\/en-jesus-seul\/\">En J\u00e9sus seul<\/a><\/li><li><a href=\"http:\/\/celebrations.34700.fr\/index.php\/2021\/03\/16\/heureux-les-coeurs-misericordieux\/\" data-type=\"URL\" data-id=\"http:\/\/celebrations.34700.fr\/index.php\/2021\/03\/16\/heureux-les-coeurs-misericordieux\/\">Heureux les c\u0153urs mis\u00e9ricordieux<\/a><\/li><\/ul>\n\n\n\n<h4 class=\"has-text-align-center\">Pri\u00e8re universelle<\/h4>\n\n\n\n<ul><li><a href=\"http:\/\/celebrations.34700.fr\/index.php\/2021\/03\/16\/jesus-toi-qui-as-promis\/\" data-type=\"URL\" data-id=\"http:\/\/celebrations.34700.fr\/index.php\/2021\/03\/16\/jesus-toi-qui-as-promis\/\">J\u00e9sus, toi qui as promis<\/a><\/li><li><a href=\"http:\/\/celebrations.34700.fr\/index.php\/2021\/03\/16\/fais-de-nous-seigneur-les-temoins-de-ton-amour\/\" data-type=\"URL\" data-id=\"http:\/\/celebrations.34700.fr\/index.php\/2021\/03\/16\/fais-de-nous-seigneur-les-temoins-de-ton-amour\/\">Fais de nous Seigneur les t\u00e9moins de ton amour<\/a><\/li><li><a href=\"http:\/\/celebrations.34700.fr\/index.php\/2021\/03\/16\/pour-les-hommes-et-pour-les-femmes\/\" data-type=\"URL\" data-id=\"http:\/\/celebrations.34700.fr\/index.php\/2021\/03\/16\/pour-les-hommes-et-pour-les-femmes\/\">Pour les hommes et pour les femmes<\/a><\/li><li><a href=\"http:\/\/celebrations.34700.fr\/index.php\/2021\/03\/16\/seigneur-jesus-sauveur-du-monde-entends-nous\/\" data-type=\"URL\" data-id=\"http:\/\/celebrations.34700.fr\/index.php\/2021\/03\/16\/seigneur-jesus-sauveur-du-monde-entends-nous\/\">Seigneur J\u00e9sus, sauveur du monde, entends-nous!<\/a><\/li><li><a href=\"http:\/\/celebrations.34700.fr\/index.php\/2021\/03\/16\/entends-nos-prieres\/\" data-type=\"URL\" data-id=\"http:\/\/celebrations.34700.fr\/index.php\/2021\/03\/16\/entends-nos-prieres\/\">Entends nos pri\u00e8res<\/a><\/li><li><a href=\"http:\/\/celebrations.34700.fr\/index.php\/2021\/03\/16\/accueille-au-creux-de-tes-mains\/\" data-type=\"URL\" data-id=\"http:\/\/celebrations.34700.fr\/index.php\/2021\/03\/16\/accueille-au-creux-de-tes-mains\/\">Accueille au creux de tes mains<\/a><\/li><\/ul>\n\n\n\n<h4 class=\"has-text-align-center\">Notre P\u00e8re <em>(r\u00e9cit\u00e9 ou chant\u00e9<\/em>)<\/h4>\n\n\n\n<ul><li><a href=\"http:\/\/celebrations.34700.fr\/index.php\/2021\/03\/17\/notre-pere-glorious\/\" data-type=\"URL\" data-id=\"http:\/\/celebrations.34700.fr\/index.php\/2021\/03\/17\/notre-pere-glorious\/\">Notre P\u00e8re (Glorious)<\/a><\/li><\/ul>\n\n\n\n<h4 class=\"has-text-align-center\">Signature des registres<\/h4>\n\n\n\n<ul><li><em>Instrumental ou chant\/enregistrement profane \u00e0 d\u00e9finir en accord avec le c\u00e9l\u00e9brant<\/em><\/li><\/ul>\n\n\n\n<h4 class=\"has-text-align-center\">Chant \u00e0 Marie<\/h4>\n\n\n\n<ul><li><a href=\"http:\/\/celebrations.34700.fr\/index.php\/2021\/03\/16\/la-premiere-en-chemin\/\" data-type=\"URL\" data-id=\"http:\/\/celebrations.34700.fr\/index.php\/2021\/03\/16\/la-premiere-en-chemin\/\">La premi\u00e8re en chemin<\/a><\/li><li><a href=\"http:\/\/celebrations.34700.fr\/index.php\/2021\/03\/16\/regarde-letoile\/\" data-type=\"URL\" data-id=\"http:\/\/celebrations.34700.fr\/index.php\/2021\/03\/16\/regarde-letoile\/\">Regarde l&rsquo;\u00e9toile<\/a><\/li><li><a href=\"http:\/\/celebrations.34700.fr\/index.php\/2021\/03\/16\/ave-maria-schubert\/\" data-type=\"URL\" data-id=\"http:\/\/celebrations.34700.fr\/index.php\/2021\/03\/16\/ave-maria-schubert\/\">Ave Maria (Schubert)<\/a><\/li><li><a href=\"http:\/\/celebrations.34700.fr\/index.php\/2021\/03\/16\/chercher-avec-toi-marie\/\" data-type=\"URL\" data-id=\"http:\/\/celebrations.34700.fr\/index.php\/2021\/03\/16\/chercher-avec-toi-marie\/\">Chercher avec toi Marie<\/a><\/li><li><a href=\"http:\/\/celebrations.34700.fr\/index.php\/2021\/03\/16\/couronnee-detoiles\/\" data-type=\"URL\" data-id=\"http:\/\/celebrations.34700.fr\/index.php\/2021\/03\/16\/couronnee-detoiles\/\">Couronn\u00e9e d&rsquo;\u00e9toiles<\/a><\/li><li><a href=\"http:\/\/celebrations.34700.fr\/index.php\/2021\/03\/16\/je-vous-salue-marie-angelus\/\" data-type=\"URL\" data-id=\"http:\/\/celebrations.34700.fr\/index.php\/2021\/03\/16\/je-vous-salue-marie-angelus\/\">Je vous salue Marie (Ang\u00e9lus)<\/a><\/li><\/ul>\n\n\n\n<h4 class=\"has-text-align-center\">Sortie<\/h4>\n\n\n\n<ul><li><em>Instrumental ou chant\/enregistrement profane \u00e0 d\u00e9finir en accord avec le c\u00e9l\u00e9brant<\/em><\/li><li><a href=\"http:\/\/celebrations.34700.fr\/index.php\/2021\/03\/16\/mon-ancre-et-ma-voile\/\" data-type=\"URL\" data-id=\"http:\/\/celebrations.34700.fr\/index.php\/2021\/03\/16\/mon-ancre-et-ma-voile\/\">Mon ancre et ma voile<\/a><\/li><li><a href=\"http:\/\/celebrations.34700.fr\/index.php\/2021\/03\/16\/que-vive-mon-ame-a-te-louer\/\" data-type=\"URL\" data-id=\"http:\/\/celebrations.34700.fr\/index.php\/2021\/03\/16\/que-vive-mon-ame-a-te-louer\/\">Que vive mon \u00e2me \u00e0 te louer<\/a><\/li><li><a href=\"http:\/\/celebrations.34700.fr\/index.php\/2021\/03\/16\/heureux-les-coeurs-misericordieux\/\" data-type=\"URL\" data-id=\"http:\/\/celebrations.34700.fr\/index.php\/2021\/03\/16\/heureux-les-coeurs-misericordieux\/\">Heureux les c\u0153urs mis\u00e9ricordieux<\/a><\/li><li><a href=\"http:\/\/celebrations.34700.fr\/index.php\/2021\/03\/16\/rendons-gloire-a-dieu-notre-pere\/\" data-type=\"URL\" data-id=\"http:\/\/celebrations.34700.fr\/index.php\/2021\/03\/16\/rendons-gloire-a-dieu-notre-pere\/\">Rendons gloire \u00e0 Dieu notre P\u00e8re<\/a><\/li><\/ul>\n\n\n\n<p><\/p>\n","protected":false},"excerpt":{"rendered":"<p>Entr\u00e9e Instrumental ou chant\/enregistrement profane \u00e0 d\u00e9finir en accord avec le c\u00e9l\u00e9brant Chantez, priez, c\u00e9l\u00e9brez le Seigneur Debout, resplendis Psaume Le Seigneur est ma lumi\u00e8re et mon salut (Psaume 026) Laudate Dominum (Psaumes 116,46,65,150) Psaume de la Cr\u00e9ation B\u00e9nis le Seigneur, \u00f4 mon \u00e2me (Psaume 103-102) \u00ab\u00a0Psaume pour un Mariage\u00a0\u00bb (Psaume 148) Le Seigneur est [&hellip;]<\/p>\n","protected":false},"author":1,"featured_media":11,"parent":0,"menu_order":0,"comment_status":"closed","ping_status":"closed","template":"","meta":[],"_links":{"self":[{"href":"https:\/\/celebrations.34700.fr\/index.php\/wp-json\/wp\/v2\/pages\/259"}],"collection":[{"href":"https:\/\/celebrations.34700.fr\/index.php\/wp-json\/wp\/v2\/pages"}],"about":[{"href":"https:\/\/celebrations.34700.fr\/index.php\/wp-json\/wp\/v2\/types\/page"}],"author":[{"embeddable":true,"href":"https:\/\/celebrations.34700.fr\/index.php\/wp-json\/wp\/v2\/users\/1"}],"replies":[{"embeddable":true,"href":"https:\/\/celebrations.34700.fr\/index.php\/wp-json\/wp\/v2\/comments?post=259"}],"version-history":[{"count":9,"href":"https:\/\/celebrations.34700.fr\/index.php\/wp-json\/wp\/v2\/pages\/259\/revisions"}],"predecessor-version":[{"id":663,"href":"https:\/\/celebrations.34700.fr\/index.php\/wp-json\/wp\/v2\/pages\/259\/revisions\/663"}],"wp:featuredmedia":[{"embeddable":true,"href":"https:\/\/celebrations.34700.fr\/index.php\/wp-json\/wp\/v2\/media\/11"}],"wp:attachment":[{"href":"https:\/\/celebrations.34700.fr\/index.php\/wp-json\/wp\/v2\/media?parent=259"}],"curies":[{"name":"wp","href":"https:\/\/api.w.org\/{rel}","templated":true}]}}